{"id":26,"date":"2018-11-13T17:34:51","date_gmt":"2018-11-13T17:34:51","guid":{"rendered":"http:\/\/zebrano.si\/?page_id=26"},"modified":"2020-01-30T08:37:55","modified_gmt":"2020-01-30T08:37:55","slug":"domov","status":"publish","type":"page","link":"https:\/\/zebrano.si\/","title":{"rendered":"Domov"},"content":{"rendered":"<p>Ponujamo vam visoko kakovostne hrastove parkete evropskega porekla med katerimi prednja\u010di masivni hrastov parket debeline kar 6,6 mm zgornjega sloja in je tudi prava redkost na trgu.<br \/>\nV ponudbi imamo tudi vrsto eksoti\u010dnih lesov za zunanje povr\u0161ine kot so tik, iroko, tali,\u00a0kakovostni vinil in laminat ter razli\u010dne vezne materiale.S 25 letnimi izku\u0161njami smo razvili znanje in tehnike v obdelavi razli\u010dnih parketnih povr\u0161in, stenskih lesenih oblog, zunanjih teras in bazenskih povr\u0161in ter unikatnih epoksidnih prostorov.<br \/>\nKontaktirate nas lahko na\u00a0info@zebrano.si\u00a0ali 041 626 758<br \/>\nVeseli bomo va\u0161ega obiska v na\u0161em Salonu, na naslovu Podsmreka 15.\u00a0<\/p>\n<p><!-- {\"name\":\"\",\"type\":\"layout\",\"children\":[{\"name\":\"\",\"type\":\"section\",\"props\":{\"style\":\"default\",\"width\":\"\",\"vertical_align\":\"middle\",\"title_position\":\"top-left\",\"title_rotation\":\"left\",\"title_breakpoint\":\"xl\",\"image_position\":\"center-center\",\"height\":\"\",\"padding\":\"none\",\"header_transparent\":\"\",\"animation\":\"\"},\"children\":[{\"name\":\"\",\"type\":\"row\",\"props\":{\"fixed_width\":\"large\",\"breakpoint\":\"m\"},\"children\":[{\"name\":\"\",\"type\":\"column\",\"props\":{\"widths\":[\"\"],\"image_position\":\"center-center\"},\"children\":[{\"name\":\"\",\"type\":\"slideshow\",\"props\":{\"show_title\":true,\"show_meta\":true,\"show_content\":true,\"show_link\":true,\"show_thumbnail\":true,\"slideshow_min_height\":300,\"slideshow_autoplay_pause\":true,\"nav\":\"dotnav\",\"nav_position\":\"bottom-center\",\"nav_position_margin\":\"medium\",\"nav_align\":\"center\",\"nav_breakpoint\":\"s\",\"thumbnav_width\":\"100\",\"thumbnav_height\":\"75\",\"slidenav\":\"default\",\"slidenav_margin\":\"medium\",\"slidenav_breakpoint\":\"s\",\"slidenav_outside_breakpoint\":\"xl\",\"overlay_position\":\"center-left\",\"overlay_animation\":\"parallax\",\"title_element\":\"h3\",\"meta_style\":\"meta\",\"meta_align\":\"bottom\",\"link_text\":\"Read more\",\"link_style\":\"default\",\"margin\":\"default\",\"slideshow_height\":\"\",\"text_color\":\"\",\"slideshow_box_shadow\":\"\",\"slideshow_animation\":\"\",\"slideshow_kenburns\":\"\",\"nav_color\":\"\",\"slidenav_outside_color\":\"\",\"overlay_container\":\"\",\"overlay_container_padding\":\"\",\"overlay_margin\":\"\",\"overlay_style\":\"\",\"overlay_padding\":\"\",\"overlay_width\":\"\",\"title_style\":\"\",\"title_decoration\":\"\",\"title_color\":\"\",\"meta_margin\":\"\",\"content_style\":\"\",\"link_size\":\"\",\"text_align\":\"\",\"text_align_breakpoint\":\"\",\"text_align_fallback\":\"\",\"maxwidth\":\"\",\"maxwidth_align\":\"\",\"maxwidth_breakpoint\":\"\",\"animation\":\"\",\"visibility\":\"\",\"slideshow_autoplay\":true,\"slideshow_autoplay_interval\":\"5\"},\"children\":[{\"name\":\"\",\"type\":\"slideshow_item\",\"props\":{\"text_color\":\"\",\"image\":\"wp-content\\\/uploads\\\/2019\\\/01\\\/Screenshot-2018-11-13-at-18.48.01-f3d14fd8-copy.jpg\"}},{\"name\":\"\",\"type\":\"slideshow_item\",\"props\":{\"text_color\":\"\",\"image\":\"wp-content\\\/uploads\\\/2019\\\/01\\\/Screenshot-2018-11-13-at-18.48.16-c6269777-copy.jpg\"}},{\"name\":\"\",\"type\":\"slideshow_item\",\"props\":{\"text_color\":\"\",\"image\":\"wp-content\\\/uploads\\\/2019\\\/01\\\/Screenshot-2018-11-13-at-18.48.58-e1548077781214-copy.jpg\"}}]}]}]}]},{\"name\":\"\",\"type\":\"section\",\"props\":{\"style\":\"default\",\"width\":\"default\",\"vertical_align\":\"middle\",\"title_position\":\"top-left\",\"title_rotation\":\"left\",\"title_breakpoint\":\"xl\",\"image_position\":\"center-center\"},\"children\":[{\"name\":\"\",\"type\":\"row\",\"props\":{\"fixed_width\":\"large\",\"breakpoint\":\"m\"},\"children\":[{\"name\":\"\",\"type\":\"column\",\"props\":{\"widths\":[\"\"],\"image_position\":\"center-center\"},\"children\":[{\"name\":\"\",\"type\":\"text\",\"props\":{\"margin\":\"default\",\"column_breakpoint\":\"m\",\"text_style\":\"\",\"text_color\":\"\",\"text_size\":\"\",\"column\":\"\",\"text_align\":\"center\",\"text_align_breakpoint\":\"\",\"text_align_fallback\":\"\",\"maxwidth\":\"xxlarge\",\"maxwidth_align\":\"center\",\"maxwidth_breakpoint\":\"\",\"animation\":\"\",\"visibility\":\"\",\"content\":\"\n\n<p><strong>Ponujamo vam visoko kakovostne hrastove parkete evropskega porekla med katerimi prednja\\u010di masivni hrastov parket debeline kar 6,6 mm zgornjega sloja in je tudi prava redkost na trgu.<\\\/strong><\\\/p>\\n\n\n<p>V ponudbi imamo tudi vrsto eksoti\\u010dnih lesov za zunanje povr\\u0161ine kot so tik, iroko, tali,\\u00a0<br \\\/>kakovostni vinil in laminat ter razli\\u010dne vezne materiale.<br \\\/><br \\\/>S 25 letnimi izku\\u0161njami smo razvili znanje in tehnike v obdelavi razli\\u010dnih parketnih povr\\u0161in, stenskih lesenih oblog, zunanjih teras in bazenskih povr\\u0161in ter unikatnih epoksidnih prostorov.<\\\/p>\\n\n\n<p>Kontaktirate nas lahko na\\u00a0<a href=\\\"mailto:info@zebrano.si\\\" target=\\\"_blank\\\" rel=\\\"noopener\\\">info@zebrano.si<\\\/a>\\u00a0ali 041 626 758<\\\/p>\\n\n\n<p>Veseli bomo va\\u0161ega obiska v na\\u0161em Salonu, na naslovu Podsmreka 15.\\u00a0<\\\/p>\"}}]}]}]},{\"name\":\"\",\"type\":\"section\",\"props\":{\"style\":\"default\",\"width\":\"default\",\"vertical_align\":\"middle\",\"title_position\":\"top-left\",\"title_rotation\":\"left\",\"title_breakpoint\":\"xl\",\"image_position\":\"center-center\"},\"children\":[{\"name\":\"\",\"type\":\"row\",\"props\":{\"fixed_width\":\"large\",\"breakpoint\":\"m\"},\"children\":[{\"name\":\"\",\"type\":\"column\",\"props\":{\"widths\":[\"\"],\"image_position\":\"center-center\"},\"children\":[{\"name\":\"\",\"type\":\"map\",\"props\":{\"show_title\":true,\"type\":\"roadmap\",\"zoom\":10,\"controls\":true,\"zooming\":false,\"dragging\":false,\"maxwidth\":\"\",\"maxwidth_align\":\"\",\"maxwidth_breakpoint\":\"\",\"margin\":\"\",\"animation\":\"\",\"visibility\":\"\"},\"children\":[{\"name\":\"\",\"type\":\"map_marker\",\"props\":{\"location\":\"46.035,14.4366\"}}]}]}]}]}]} --><\/p>\n","protected":false},"excerpt":{"rendered":"<p>Ponujamo vam visoko kakovostne hrastove parkete evropskega porekla med katerimi prednja\u010di masivni hrastov parket debeline kar 6,6 mm zgornjega sloja in je tudi prava redkost na trgu. V ponudbi imamo tudi vrsto eksoti\u010dnih lesov za zunanje povr\u0161ine kot so tik, iroko, tali,\u00a0kakovostni vinil in laminat ter razli\u010dne vezne materiale.S 25 letnimi izku\u0161njami smo razvili znanje [&hellip;]<\/p>\n","protected":false},"author":1,"featured_media":0,"parent":0,"menu_order":0,"comment_status":"closed","ping_status":"closed","template":"","meta":{"footnotes":""},"_links":{"self":[{"href":"https:\/\/zebrano.si\/index.php?rest_route=\/wp\/v2\/pages\/26"}],"collection":[{"href":"https:\/\/zebrano.si\/index.php?rest_route=\/wp\/v2\/pages"}],"about":[{"href":"https:\/\/zebrano.si\/index.php?rest_route=\/wp\/v2\/types\/page"}],"author":[{"embeddable":true,"href":"https:\/\/zebrano.si\/index.php?rest_route=\/wp\/v2\/users\/1"}],"replies":[{"embeddable":true,"href":"https:\/\/zebrano.si\/index.php?rest_route=%2Fwp%2Fv2%2Fcomments&post=26"}],"version-history":[{"count":10,"href":"https:\/\/zebrano.si\/index.php?rest_route=\/wp\/v2\/pages\/26\/revisions"}],"predecessor-version":[{"id":53,"href":"https:\/\/zebrano.si\/index.php?rest_route=\/wp\/v2\/pages\/26\/revisions\/53"}],"wp:attachment":[{"href":"https:\/\/zebrano.si\/index.php?rest_route=%2Fwp%2Fv2%2Fmedia&parent=26"}],"curies":[{"name":"wp","href":"https:\/\/api.w.org\/{rel}","templated":true}]}}